{"id":6021,"date":"2023-04-04T13:35:49","date_gmt":"2023-04-04T13:35:49","guid":{"rendered":"https:\/\/tempsdepausealautrec.com\/time-out-your-stay-in-the-heart-of-occitanie-take-a-break\/"},"modified":"2024-01-26T15:10:45","modified_gmt":"2024-01-26T15:10:45","slug":"time-out-your-stay-in-the-heart-of-occitanie-take-a-break","status":"publish","type":"page","link":"https:\/\/tempsdepausealautrec.com\/en\/","title":{"rendered":"Time out &#8211; Your stay in the heart of Occitanie. Take a break"},"content":{"rendered":"\t\t<div data-elementor-type=\"wp-page\" data-elementor-id=\"6021\" class=\"elementor elementor-6021 elementor-404\">\n\t\t\t\t\t\t\t<div class=\"elementor-element elementor-element-f81bfe7 e-con-full e-flex e-con\" data-id=\"f81bfe7\" data-element_type=\"container\" id=\"9999\" data-settings=\"{&quot;content_width&quot;:&quot;full&quot;,&quot;background_background&quot;:&quot;classic&quot;}\">\n\t\t<div class=\"elementor-element elementor-element-9653899 e-flex e-con-boxed e-con\" data-id=\"9653899\" data-element_type=\"container\" data-settings=\"{&quot;background_background&quot;:&quot;slideshow&quot;,&quot;background_slideshow_gallery&quot;:[{&quot;id&quot;:7246,&quot;url&quot;:&quot;https:\\\/\\\/tempsdepausealautrec.com\\\/wp-content\\\/uploads\\\/2023\\\/07\\\/beautiful-panoramic-view-field-sunflowers-light-setting-sun-yellow-sunflower-close-up.jpg&quot;},{&quot;id&quot;:1405,&quot;url&quot;:&quot;https:\\\/\\\/tempsdepausealautrec.com\\\/wp-content\\\/uploads\\\/2023\\\/04\\\/paysage-tarn-7.jpg&quot;},{&quot;id&quot;:1395,&quot;url&quot;:&quot;https:\\\/\\\/tempsdepausealautrec.com\\\/wp-content\\\/uploads\\\/2023\\\/04\\\/lautrec-3-scaled.jpg&quot;}],&quot;background_slideshow_ken_burns&quot;:&quot;yes&quot;,&quot;content_width&quot;:&quot;boxed&quot;,&quot;background_slideshow_loop&quot;:&quot;yes&quot;,&quot;background_slideshow_slide_duration&quot;:5000,&quot;background_slideshow_slide_transition&quot;:&quot;fade&quot;,&quot;background_slideshow_transition_duration&quot;:500,&quot;background_slideshow_ken_burns_zoom_direction&quot;:&quot;in&quot;}\">\n\t\t\t\t\t<div class=\"e-con-inner\">\n\t\t\t\t<div class=\"elementor-element elementor-element-0ce8abf elementor-widget elementor-widget-image\" data-id=\"0ce8abf\" data-element_type=\"widget\" data-widget_type=\"image.default\">\n\t\t\t\t<div class=\"elementor-widget-container\">\n\t\t\t<style>\/*! elementor - v3.14.0 - 26-06-2023 *\/\n.elementor-widget-image{text-align:center}.elementor-widget-image a{display:inline-block}.elementor-widget-image a img[src$=\".svg\"]{width:48px}.elementor-widget-image img{vertical-align:middle;display:inline-block}<\/style>\t\t\t\t\t\t\t\t\t\t\t\t<img loading=\"lazy\" decoding=\"async\" width=\"271\" height=\"271\" src=\"https:\/\/tempsdepausealautrec.com\/wp-content\/uploads\/2023\/04\/logo-tdp.svg\" class=\"attachment-large size-large wp-image-5949\" alt=\"\" \/>\t\t\t\t\t\t\t\t\t\t\t\t\t\t\t<\/div>\n\t\t\t\t<\/div>\n\t\t\t\t<div class=\"elementor-element elementor-element-bb53dc5 elementor-widget elementor-widget-heading\" data-id=\"bb53dc5\" data-element_type=\"widget\" data-widget_type=\"heading.default\">\n\t\t\t\t<div class=\"elementor-widget-container\">\n\t\t\t<style>\/*! elementor - v3.14.0 - 26-06-2023 *\/\n.elementor-heading-title{padding:0;margin:0;line-height:1}.elementor-widget-heading .elementor-heading-title[class*=elementor-size-]>a{color:inherit;font-size:inherit;line-height:inherit}.elementor-widget-heading .elementor-heading-title.elementor-size-small{font-size:15px}.elementor-widget-heading .elementor-heading-title.elementor-size-medium{font-size:19px}.elementor-widget-heading .elementor-heading-title.elementor-size-large{font-size:29px}.elementor-widget-heading .elementor-heading-title.elementor-size-xl{font-size:39px}.elementor-widget-heading .elementor-heading-title.elementor-size-xxl{font-size:59px}<\/style><h1 class=\"elementor-heading-title elementor-size-default\">Break time<\/h1>\t\t<\/div>\n\t\t\t\t<\/div>\n\t\t\t\t<div class=\"elementor-element elementor-element-5a12488 elementor-widget elementor-widget-heading\" data-id=\"5a12488\" data-element_type=\"widget\" data-widget_type=\"heading.default\">\n\t\t\t\t<div class=\"elementor-widget-container\">\n\t\t\t<h2 class=\"elementor-heading-title elementor-size-default\">Your stay in the heart of Occitania<br>Take a break in Lautrec<\/h2>\t\t<\/div>\n\t\t\t\t<\/div>\n\t\t\t\t<div class=\"elementor-element elementor-element-531fc6a elementor-align-center elementor-widget elementor-widget-button\" data-id=\"531fc6a\" data-element_type=\"widget\" data-widget_type=\"button.default\">\n\t\t\t\t<div class=\"elementor-widget-container\">\n\t\t\t\t\t<div class=\"elementor-button-wrapper\">\n\t\t\t<a class=\"elementor-button elementor-button-link elementor-size-sm\" href=\"#hebergements-home\">\n\t\t\t\t\t\t<span class=\"elementor-button-content-wrapper\">\n\t\t\t\t\t\t<span class=\"elementor-button-text\">Discover our two lodgings <\/span>\n\t\t<\/span>\n\t\t\t\t\t<\/a>\n\t\t<\/div>\n\t\t\t\t<\/div>\n\t\t\t\t<\/div>\n\t\t\t\t\t<\/div>\n\t\t\t\t<\/div>\n\t\t\t\t<\/div>\n\t\t<div class=\"elementor-element elementor-element-d78ab1e e-flex e-con-boxed e-con\" data-id=\"d78ab1e\" data-element_type=\"container\" data-settings=\"{&quot;content_width&quot;:&quot;boxed&quot;}\">\n\t\t\t\t\t<div class=\"e-con-inner\">\n\t\t<div class=\"elementor-element elementor-element-c1c4826 e-con-full e-flex e-con\" data-id=\"c1c4826\" data-element_type=\"container\" data-settings=\"{&quot;content_width&quot;:&quot;full&quot;}\">\n\t\t\t\t<div class=\"elementor-element elementor-element-4dc59d4 elementor-widget elementor-widget-image\" data-id=\"4dc59d4\" data-element_type=\"widget\" data-settings=\"{&quot;motion_fx_motion_fx_scrolling&quot;:&quot;yes&quot;,&quot;motion_fx_translateY_effect&quot;:&quot;yes&quot;,&quot;motion_fx_translateY_speed&quot;:{&quot;unit&quot;:&quot;px&quot;,&quot;size&quot;:0.5,&quot;sizes&quot;:[]},&quot;motion_fx_translateY_affectedRange&quot;:{&quot;unit&quot;:&quot;%&quot;,&quot;size&quot;:&quot;&quot;,&quot;sizes&quot;:{&quot;start&quot;:0,&quot;end&quot;:100}},&quot;motion_fx_devices&quot;:[&quot;desktop&quot;,&quot;tablet&quot;,&quot;mobile&quot;]}\" data-widget_type=\"image.default\">\n\t\t\t\t<div class=\"elementor-widget-container\">\n\t\t\t\t\t\t\t\t\t\t\t\t\t\t\t<img decoding=\"async\" src=\"https:\/\/tempsdepausealautrec.com\/wp-content\/uploads\/elementor\/thumbs\/paysage-tarn-8-scaled-rjx9r1fa0jq292kk5c69ixkuu04mxov146ju0kk9xc.jpg\" title=\"paysage-tarn-8\" alt=\"paysage-tarn-8\" loading=\"lazy\" \/>\t\t\t\t\t\t\t\t\t\t\t\t\t\t\t<\/div>\n\t\t\t\t<\/div>\n\t\t\t\t<\/div>\n\t\t<div class=\"elementor-element elementor-element-70febaf e-con-full e-flex e-con\" data-id=\"70febaf\" data-element_type=\"container\" data-settings=\"{&quot;content_width&quot;:&quot;full&quot;}\">\n\t\t\t\t<div class=\"elementor-element elementor-element-3170b84 elementor-widget elementor-widget-image\" data-id=\"3170b84\" data-element_type=\"widget\" data-settings=\"{&quot;motion_fx_motion_fx_scrolling&quot;:&quot;yes&quot;,&quot;motion_fx_translateY_effect&quot;:&quot;yes&quot;,&quot;motion_fx_translateY_direction&quot;:&quot;negative&quot;,&quot;motion_fx_translateY_speed&quot;:{&quot;unit&quot;:&quot;px&quot;,&quot;size&quot;:0.5,&quot;sizes&quot;:[]},&quot;motion_fx_translateY_affectedRange&quot;:{&quot;unit&quot;:&quot;%&quot;,&quot;size&quot;:&quot;&quot;,&quot;sizes&quot;:{&quot;start&quot;:0,&quot;end&quot;:100}},&quot;motion_fx_devices&quot;:[&quot;desktop&quot;,&quot;tablet&quot;,&quot;mobile&quot;]}\" data-widget_type=\"image.default\">\n\t\t\t\t<div class=\"elementor-widget-container\">\n\t\t\t\t\t\t\t\t\t\t\t\t\t\t\t<img decoding=\"async\" src=\"https:\/\/tempsdepausealautrec.com\/wp-content\/uploads\/elementor\/thumbs\/appart-20-scaled-rjx9qzjlmvnhlunagbd0dy1xn8dwiankfx8v20n29s.jpg\" title=\"appart-20\" alt=\"appart-20\" loading=\"lazy\" \/>\t\t\t\t\t\t\t\t\t\t\t\t\t\t\t<\/div>\n\t\t\t\t<\/div>\n\t\t\t\t<\/div>\n\t\t<div class=\"elementor-element elementor-element-9d4c9eb e-con-full e-flex e-con\" data-id=\"9d4c9eb\" data-element_type=\"container\" data-settings=\"{&quot;content_width&quot;:&quot;full&quot;}\">\n\t\t\t\t<div class=\"elementor-element elementor-element-4e773dc elementor-widget elementor-widget-heading\" data-id=\"4e773dc\" data-element_type=\"widget\" data-widget_type=\"heading.default\">\n\t\t\t\t<div class=\"elementor-widget-container\">\n\t\t\t<h2 class=\"elementor-heading-title elementor-size-default\">In the heart of<br>the Occitanie region<\/h2>\t\t<\/div>\n\t\t\t\t<\/div>\n\t\t\t\t<div class=\"elementor-element elementor-element-6154800 elementor-widget elementor-widget-text-editor\" data-id=\"6154800\" data-element_type=\"widget\" data-widget_type=\"text-editor.default\">\n\t\t\t\t<div class=\"elementor-widget-container\">\n\t\t\t<style>\/*! elementor - v3.14.0 - 26-06-2023 *\/\n.elementor-widget-text-editor.elementor-drop-cap-view-stacked .elementor-drop-cap{background-color:#69727d;color:#fff}.elementor-widget-text-editor.elementor-drop-cap-view-framed .elementor-drop-cap{color:#69727d;border:3px solid;background-color:transparent}.elementor-widget-text-editor:not(.elementor-drop-cap-view-default) .elementor-drop-cap{margin-top:8px}.elementor-widget-text-editor:not(.elementor-drop-cap-view-default) .elementor-drop-cap-letter{width:1em;height:1em}.elementor-widget-text-editor .elementor-drop-cap{float:left;text-align:center;line-height:1;font-size:50px}.elementor-widget-text-editor .elementor-drop-cap-letter{display:inline-block}<\/style>\t\t\t\t<p>In the center of the Tarn department, in the heart of the Occitanie region, Lautrec is a charming little medieval village of 1,700 inhabitants, classified as one of the <em>Most Beautiful Villages in France<\/em>.<\/p>\n<p>This is where you can spend a night, a weekend or more, alone, as a couple, with family or friends, in one of our two establishments, both rated 4 stars furnished for tourism.<\/p>\n<p>Lautrec, world-famous for its Pink Garlic (French Label Rouge and European IGP Label), is the ideal starting point for exploring the Tarn region, with its diverse landscapes, UNESCO World Heritage sites, bastide towns, villages classified as the &#8220;Most Beautiful Villages in France&#8221;, the geological sites of the Sidobre and Montagne Noire, and the history of pastel, Mazamet wool and Graulhet leather&#8230;<\/p>\n<p>Lautrec is a lively village with several restaurants and caf\u00e9s, including Caf\u00e9 Pl\u00f9m, which hosts concerts every evening in summer.<\/p>\n<p>We offer two versions of your stay: \u00e0 la Campagne and au Village.<\/p>\n<p>The apartment and house are available all year round.<\/p>\n\t\t\t\t\t\t<\/div>\n\t\t\t\t<\/div>\n\t\t\t\t<\/div>\n\t\t\t\t\t<\/div>\n\t\t\t\t<\/div>\n\t\t<div class=\"elementor-element elementor-element-1f2cc11 e-flex e-con-boxed e-con\" data-id=\"1f2cc11\" data-element_type=\"container\" id=\"hebergements-home\" data-settings=\"{&quot;content_width&quot;:&quot;boxed&quot;}\">\n\t\t\t\t\t<div class=\"e-con-inner\">\n\t\t\t\t<div class=\"elementor-element elementor-element-2bfd0be elementor-widget elementor-widget-heading\" data-id=\"2bfd0be\" data-element_type=\"widget\" data-widget_type=\"heading.default\">\n\t\t\t\t<div class=\"elementor-widget-container\">\n\t\t\t<h2 class=\"elementor-heading-title elementor-size-default\">Two locations...<\/h2>\t\t<\/div>\n\t\t\t\t<\/div>\n\t\t<div class=\"elementor-element elementor-element-abc5530 e-flex e-con-boxed e-con\" data-id=\"abc5530\" data-element_type=\"container\" data-settings=\"{&quot;content_width&quot;:&quot;boxed&quot;}\">\n\t\t\t\t\t<div class=\"e-con-inner\">\n\t\t<div class=\"elementor-element elementor-element-827dc6f e-con-full e-flex e-con\" data-id=\"827dc6f\" data-element_type=\"container\" data-settings=\"{&quot;background_background&quot;:&quot;classic&quot;,&quot;content_width&quot;:&quot;full&quot;}\">\n\t\t\t\t<div class=\"elementor-element elementor-element-39a9c14 elementor-widget elementor-widget-heading\" data-id=\"39a9c14\" data-element_type=\"widget\" data-widget_type=\"heading.default\">\n\t\t\t\t<div class=\"elementor-widget-container\">\n\t\t\t<h3 class=\"elementor-heading-title elementor-size-default\">In the village<\/h3>\t\t<\/div>\n\t\t\t\t<\/div>\n\t\t\t\t<div class=\"elementor-element elementor-element-10671be elementor-widget elementor-widget-text-editor\" data-id=\"10671be\" data-element_type=\"widget\" data-widget_type=\"text-editor.default\">\n\t\t\t\t<div class=\"elementor-widget-container\">\n\t\t\t\t\t\t\t<p>Temps de Pause au Village is a totally independent 180m2 apartment in the heart of the medieval town of Lautrec, which can accommodate up to 4 people.<\/p>\n\t\t\t\t\t\t<\/div>\n\t\t\t\t<\/div>\n\t\t\t\t<div class=\"elementor-element elementor-element-107803c elementor-align-center elementor-widget elementor-widget-button\" data-id=\"107803c\" data-element_type=\"widget\" data-widget_type=\"button.default\">\n\t\t\t\t<div class=\"elementor-widget-container\">\n\t\t\t\t\t<div class=\"elementor-button-wrapper\">\n\t\t\t<a class=\"elementor-button elementor-button-link elementor-size-sm\" href=\"https:\/\/tempsdepausealautrec.com\/en\/the-guest-apartment-in-the-village\/\">\n\t\t\t\t\t\t<span class=\"elementor-button-content-wrapper\">\n\t\t\t\t\t\t<span class=\"elementor-button-text\">Discover<\/span>\n\t\t<\/span>\n\t\t\t\t\t<\/a>\n\t\t<\/div>\n\t\t\t\t<\/div>\n\t\t\t\t<\/div>\n\t\t\t\t<\/div>\n\t\t<div class=\"elementor-element elementor-element-0d241c3 animated-slow e-flex e-con-boxed elementor-invisible e-con\" data-id=\"0d241c3\" data-element_type=\"container\" data-settings=\"{&quot;animation&quot;:&quot;fadeIn&quot;,&quot;content_width&quot;:&quot;boxed&quot;}\">\n\t\t\t\t\t<div class=\"e-con-inner\">\n\t\t\t\t<div class=\"elementor-element elementor-element-1a7d076 elementor-widget elementor-widget-image\" data-id=\"1a7d076\" data-element_type=\"widget\" data-widget_type=\"image.default\">\n\t\t\t\t<div class=\"elementor-widget-container\">\n\t\t\t\t\t\t\t\t\t\t\t\t\t\t\t<img decoding=\"async\" src=\"https:\/\/tempsdepausealautrec.com\/wp-content\/uploads\/elementor\/thumbs\/lautrec-1-rotated-rjx9qsyweb8o6gbi8s39953fzb72dz5rbl5h9dm4c0.jpg\" title=\"lautrec-1\" alt=\"lautrec-1\" loading=\"lazy\" \/>\t\t\t\t\t\t\t\t\t\t\t\t\t\t\t<\/div>\n\t\t\t\t<\/div>\n\t\t\t\t\t<\/div>\n\t\t\t\t<\/div>\n\t\t\t\t\t<\/div>\n\t\t\t\t<\/div>\n\t\t<div class=\"elementor-element elementor-element-0bdf7d5 e-flex e-con-boxed e-con\" data-id=\"0bdf7d5\" data-element_type=\"container\" data-settings=\"{&quot;content_width&quot;:&quot;boxed&quot;}\">\n\t\t\t\t\t<div class=\"e-con-inner\">\n\t\t<div class=\"elementor-element elementor-element-edfb357 e-con-full animated-slow e-flex elementor-invisible e-con\" data-id=\"edfb357\" data-element_type=\"container\" data-settings=\"{&quot;content_width&quot;:&quot;full&quot;,&quot;animation&quot;:&quot;fadeIn&quot;}\">\n\t\t\t\t<div class=\"elementor-element elementor-element-65cb56e elementor-widget elementor-widget-image\" data-id=\"65cb56e\" data-element_type=\"widget\" data-widget_type=\"image.default\">\n\t\t\t\t<div class=\"elementor-widget-container\">\n\t\t\t\t\t\t\t\t\t\t\t\t\t\t\t<img loading=\"lazy\" decoding=\"async\" width=\"800\" height=\"535\" src=\"https:\/\/tempsdepausealautrec.com\/wp-content\/uploads\/2023\/04\/maisons-hotes-temps-de-pause-campagne-7-1024x685.jpg\" class=\"attachment-large size-large wp-image-5993\" alt=\"\" srcset=\"https:\/\/tempsdepausealautrec.com\/wp-content\/uploads\/2023\/04\/maisons-hotes-temps-de-pause-campagne-7-1024x685.jpg 1024w, https:\/\/tempsdepausealautrec.com\/wp-content\/uploads\/2023\/04\/maisons-hotes-temps-de-pause-campagne-7-300x201.jpg 300w, https:\/\/tempsdepausealautrec.com\/wp-content\/uploads\/2023\/04\/maisons-hotes-temps-de-pause-campagne-7-768x514.jpg 768w, https:\/\/tempsdepausealautrec.com\/wp-content\/uploads\/2023\/04\/maisons-hotes-temps-de-pause-campagne-7-1536x1028.jpg 1536w, https:\/\/tempsdepausealautrec.com\/wp-content\/uploads\/2023\/04\/maisons-hotes-temps-de-pause-campagne-7-2048x1371.jpg 2048w\" sizes=\"auto, (max-width: 800px) 100vw, 800px\" \/>\t\t\t\t\t\t\t\t\t\t\t\t\t\t\t<\/div>\n\t\t\t\t<\/div>\n\t\t\t\t<\/div>\n\t\t<div class=\"elementor-element elementor-element-ef288e6 e-flex e-con-boxed e-con\" data-id=\"ef288e6\" data-element_type=\"container\" data-settings=\"{&quot;background_background&quot;:&quot;classic&quot;,&quot;content_width&quot;:&quot;boxed&quot;}\">\n\t\t\t\t\t<div class=\"e-con-inner\">\n\t\t\t\t<div class=\"elementor-element elementor-element-1a3eca4 elementor-widget elementor-widget-heading\" data-id=\"1a3eca4\" data-element_type=\"widget\" data-widget_type=\"heading.default\">\n\t\t\t\t<div class=\"elementor-widget-container\">\n\t\t\t<h3 class=\"elementor-heading-title elementor-size-default\">In the country<\/h3>\t\t<\/div>\n\t\t\t\t<\/div>\n\t\t\t\t<div class=\"elementor-element elementor-element-630f1f1 elementor-widget elementor-widget-text-editor\" data-id=\"630f1f1\" data-element_type=\"widget\" data-widget_type=\"text-editor.default\">\n\t\t\t\t<div class=\"elementor-widget-container\">\n\t\t\t\t\t\t\t<p>Temps de Pause \u00e0 la Campagne is a totally independent 170m2 house that can accommodate up to 4 people, with a very large terrace and a breathtaking view over the Lautrec countryside. The 3-hectare garden is shared with us.<\/p>\n\t\t\t\t\t\t<\/div>\n\t\t\t\t<\/div>\n\t\t\t\t<div class=\"elementor-element elementor-element-dfe6834 elementor-align-center elementor-widget elementor-widget-button\" data-id=\"dfe6834\" data-element_type=\"widget\" data-widget_type=\"button.default\">\n\t\t\t\t<div class=\"elementor-widget-container\">\n\t\t\t\t\t<div class=\"elementor-button-wrapper\">\n\t\t\t<a class=\"elementor-button elementor-button-link elementor-size-sm\" href=\"https:\/\/tempsdepausealautrec.com\/en\/the-country-guest-house-a-la-campagne\/\">\n\t\t\t\t\t\t<span class=\"elementor-button-content-wrapper\">\n\t\t\t\t\t\t<span class=\"elementor-button-text\">Discover<\/span>\n\t\t<\/span>\n\t\t\t\t\t<\/a>\n\t\t<\/div>\n\t\t\t\t<\/div>\n\t\t\t\t<\/div>\n\t\t\t\t\t<\/div>\n\t\t\t\t<\/div>\n\t\t\t\t\t<\/div>\n\t\t\t\t<\/div>\n\t\t\t\t\t<\/div>\n\t\t\t\t<\/div>\n\t\t<div class=\"elementor-element elementor-element-5df9879 e-flex e-con-boxed e-con\" data-id=\"5df9879\" data-element_type=\"container\" data-settings=\"{&quot;content_width&quot;:&quot;boxed&quot;}\">\n\t\t\t\t\t<div class=\"e-con-inner\">\n\t\t<div class=\"elementor-element elementor-element-e0aaf1b e-con-full e-flex e-con\" data-id=\"e0aaf1b\" data-element_type=\"container\" data-settings=\"{&quot;content_width&quot;:&quot;full&quot;}\">\n\t\t\t\t<div class=\"elementor-element elementor-element-b747289 elementor-widget elementor-widget-image\" data-id=\"b747289\" data-element_type=\"widget\" data-settings=\"{&quot;motion_fx_motion_fx_scrolling&quot;:&quot;yes&quot;,&quot;motion_fx_translateY_effect&quot;:&quot;yes&quot;,&quot;motion_fx_translateY_speed&quot;:{&quot;unit&quot;:&quot;px&quot;,&quot;size&quot;:0.5,&quot;sizes&quot;:[]},&quot;motion_fx_translateY_affectedRange&quot;:{&quot;unit&quot;:&quot;%&quot;,&quot;size&quot;:&quot;&quot;,&quot;sizes&quot;:{&quot;start&quot;:0,&quot;end&quot;:100}},&quot;motion_fx_devices&quot;:[&quot;desktop&quot;,&quot;tablet&quot;,&quot;mobile&quot;]}\" data-widget_type=\"image.default\">\n\t\t\t\t<div class=\"elementor-widget-container\">\n\t\t\t\t\t\t\t\t\t\t\t\t\t\t\t<img decoding=\"async\" src=\"https:\/\/tempsdepausealautrec.com\/wp-content\/uploads\/2023\/06\/LPZQ8475-scaled.jpg\" title=\"\" alt=\"Nathalie Woitiez\" loading=\"lazy\" \/>\t\t\t\t\t\t\t\t\t\t\t\t\t\t\t<\/div>\n\t\t\t\t<\/div>\n\t\t\t\t<\/div>\n\t\t<div class=\"elementor-element elementor-element-4fd643d e-con-full e-flex e-con\" data-id=\"4fd643d\" data-element_type=\"container\" data-settings=\"{&quot;content_width&quot;:&quot;full&quot;}\">\n\t\t\t\t<div class=\"elementor-element elementor-element-560ef53 elementor-widget elementor-widget-heading\" data-id=\"560ef53\" data-element_type=\"widget\" data-widget_type=\"heading.default\">\n\t\t\t\t<div class=\"elementor-widget-container\">\n\t\t\t<h2 class=\"elementor-heading-title elementor-size-default\">We<\/h2>\t\t<\/div>\n\t\t\t\t<\/div>\n\t\t\t\t<div class=\"elementor-element elementor-element-30fa789 elementor-widget elementor-widget-text-editor\" data-id=\"30fa789\" data-element_type=\"widget\" data-widget_type=\"text-editor.default\">\n\t\t\t\t<div class=\"elementor-widget-container\">\n\t\t\t\t\t\t\t<p>Bretons expatriated to the South-West of France since 1994 for professional reasons, we have been welcoming you to the <strong>Appartement d&#8217;H\u00f4tes in the village of Lautrec<\/strong> since 2002. In July 2023 we decided to open a second location, <strong>the Maison d&#8217;H\u00f4tes Temps de Pause \u00e0 la Campagne<\/strong>, after our 4 children had taken off.  <\/p>\n<p>I will be pleased to welcome you and will be available throughout your stay.<\/p>\n<p>&#8220;Temps de Pause&#8221; is a <strong>nod to photography<\/strong>, one of our passions, a few examples of which can be found on the walls of our two establishments.<\/p>\n\t\t\t\t\t\t<\/div>\n\t\t\t\t<\/div>\n\t\t\t\t<\/div>\n\t\t\t\t\t<\/div>\n\t\t\t\t<\/div>\n\t\t\t\t\t\t\t<\/div>\n\t\t","protected":false},"excerpt":{"rendered":"<p>Break time Your stay in the heart of OccitaniaTake a break in Lautrec Discover our two lodgings In the heart ofthe Occitanie region In the center of the Tarn department, in the heart of the Occitanie region, Lautrec is a charming little medieval village of 1,700 inhabitants, classified as one of the Most Beautiful Villages [&hellip;]<\/p>\n","protected":false},"author":2,"featured_media":5943,"parent":0,"menu_order":0,"comment_status":"closed","ping_status":"closed","template":"elementor_header_footer","meta":{"_seopress_robots_primary_cat":"","footnotes":""},"class_list":["post-6021","page","type-page","status-publish","has-post-thumbnail","hentry"],"_links":{"self":[{"href":"https:\/\/tempsdepausealautrec.com\/en\/wp-json\/wp\/v2\/pages\/6021","targetHints":{"allow":["GET"]}}],"collection":[{"href":"https:\/\/tempsdepausealautrec.com\/en\/wp-json\/wp\/v2\/pages"}],"about":[{"href":"https:\/\/tempsdepausealautrec.com\/en\/wp-json\/wp\/v2\/types\/page"}],"author":[{"embeddable":true,"href":"https:\/\/tempsdepausealautrec.com\/en\/wp-json\/wp\/v2\/users\/2"}],"replies":[{"embeddable":true,"href":"https:\/\/tempsdepausealautrec.com\/en\/wp-json\/wp\/v2\/comments?post=6021"}],"version-history":[{"count":36,"href":"https:\/\/tempsdepausealautrec.com\/en\/wp-json\/wp\/v2\/pages\/6021\/revisions"}],"predecessor-version":[{"id":15941,"href":"https:\/\/tempsdepausealautrec.com\/en\/wp-json\/wp\/v2\/pages\/6021\/revisions\/15941"}],"wp:featuredmedia":[{"embeddable":true,"href":"https:\/\/tempsdepausealautrec.com\/en\/wp-json\/wp\/v2\/media\/5943"}],"wp:attachment":[{"href":"https:\/\/tempsdepausealautrec.com\/en\/wp-json\/wp\/v2\/media?parent=6021"}],"curies":[{"name":"wp","href":"https:\/\/api.w.org\/{rel}","templated":true}]}}